{"id":759,"date":"2019-02-03T21:24:59","date_gmt":"2019-02-03T21:24:59","guid":{"rendered":"http:\/\/spanish.en-desarrollo.net\/?page_id=759"},"modified":"2019-05-23T13:39:19","modified_gmt":"2019-05-23T13:39:19","slug":"real-state-foro","status":"publish","type":"page","link":"https:\/\/spanishchamber.co.uk\/es\/real-state-foro\/","title":{"rendered":"Real State Foro"},"content":{"rendered":"<p>[et_pb_section bb_built=\u00bb1&#8243;][et_pb_row][et_pb_column type=\u00bb4_4&#8243;][et_pb_image _builder_version=\u00bb3.17.6&#8243; src=\u00bbhttps:\/\/spanishchamber.co.uk\/wp-content\/uploads\/2019\/05\/real-state-forum-web.png\u00bb align=\u00bbcenter\u00bb \/][et_pb_text _builder_version=\u00bb3.17.6&#8243;]<\/p>\n<h1>Foro Inmobiliario<\/h1>\n<p>[\/et_pb_text][et_pb_divider _builder_version=\u00bb3.17.6&#8243; color=\u00bb#cccccc\u00bb height=\u00bb1px\u00bb max_width=\u00bb35%\u00bb \/][et_pb_text _builder_version=\u00bb3.17.6&#8243;]<\/p>\n<p>En nuestro esfuerzo por aumentar el n\u00famero de actividades sectoriales que ofrecemos para nuestros socios, en 2018 se aprob\u00f3 la creaci\u00f3n de un nuevo foro sobre el sector Inmobiliario, en una reuni\u00f3n ordinaria de la junta directiva de la C\u00e1mara.<\/p>\n<p>La funci\u00f3n principal de este foro es reunir a profesionales del sector inmobiliario en el Reino Unido, con el objetivo de crear un espacio para la discusi\u00f3n de nuevas ideas y opiniones y alentar un dialogo entre los participantes.<\/p>\n<p>Este foro fomenta la discusi\u00f3n de ideas y el debate sobre los factores que influyen en el mercado inmobiliario. El di\u00e1logo se lleva a cabo mediante presentaciones, debates, mesas redondas y seminarios que est\u00e1n presididos por un experto en la materia.<\/p>\n<p>Si tiene alguna pregunta o desea saber m\u00e1s acerca de esta iniciativa, puede dirigir su consulta a la direcci\u00f3n <a href=\"mailto:spanishchamber@spanishchamber.co.uk\">spanishchamber@spanishchamber.co.uk<\/a><\/p>\n<p>[\/et_pb_text][\/et_pb_column][\/et_pb_row][\/et_pb_section]<\/p>\n<!-- AddThis Advanced Settings generic via filter on the_content --><!-- AddThis Share Buttons generic via filter on the_content -->","protected":false},"excerpt":{"rendered":"<p><div class=\"et_pb_row et_pb_row_0 et_pb_row_empty\">\n\t\t\t\t\n\t\t\t\t\n\t\t\t\t\n\t\t\t\t\n\t\t\t\t\n\t\t\t<\/div> Foro Inmobiliario En nuestro esfuerzo por aumentar el n\u00famero de actividades sectoriales que ofrecemos para nuestros socios, en 2018 se aprob\u00f3 la creaci\u00f3n de un nuevo foro sobre el sector Inmobiliario, en una reuni\u00f3n ordinaria de la junta directiva de la C\u00e1mara.La funci\u00f3n principal de este foro es reunir a profesionales del sector inmobiliario [&hellip;]<\/p>\n<p><!-- AddThis Advanced Settings generic via filter on get_the_excerpt --><!-- AddThis Share Buttons generic via filter on get_the_excerpt --><\/p>\n","protected":false},"author":1,"featured_media":0,"parent":0,"menu_order":0,"comment_status":"closed","ping_status":"closed","template":"","meta":{"_et_pb_use_builder":"on","_et_pb_old_content":"","_et_gb_content_width":"","footnotes":""},"_links":{"self":[{"href":"https:\/\/spanishchamber.co.uk\/es\/wp-json\/wp\/v2\/pages\/759"}],"collection":[{"href":"https:\/\/spanishchamber.co.uk\/es\/wp-json\/wp\/v2\/pages"}],"about":[{"href":"https:\/\/spanishchamber.co.uk\/es\/wp-json\/wp\/v2\/types\/page"}],"author":[{"embeddable":true,"href":"https:\/\/spanishchamber.co.uk\/es\/wp-json\/wp\/v2\/users\/1"}],"replies":[{"embeddable":true,"href":"https:\/\/spanishchamber.co.uk\/es\/wp-json\/wp\/v2\/comments?post=759"}],"version-history":[{"count":0,"href":"https:\/\/spanishchamber.co.uk\/es\/wp-json\/wp\/v2\/pages\/759\/revisions"}],"wp:attachment":[{"href":"https:\/\/spanishchamber.co.uk\/es\/wp-json\/wp\/v2\/media?parent=759"}],"curies":[{"name":"wp","href":"https:\/\/api.w.org\/{rel}","templated":true}]}}