{"id":757,"date":"2019-02-03T21:23:53","date_gmt":"2019-02-03T21:23:53","guid":{"rendered":"http:\/\/spanish.en-desarrollo.net\/?page_id=757"},"modified":"2019-05-23T13:36:50","modified_gmt":"2019-05-23T13:36:50","slug":"foro-capital-humano","status":"publish","type":"page","link":"https:\/\/spanishchamber.co.uk\/es\/foro-capital-humano\/","title":{"rendered":"Foro de Capital Humano"},"content":{"rendered":"<p>[et_pb_section bb_built=\u00bb1&#8243;][et_pb_row][et_pb_column type=\u00bb4_4&#8243;][et_pb_image _builder_version=\u00bb3.17.6&#8243; src=\u00bbhttps:\/\/spanishchamber.co.uk\/wp-content\/uploads\/2019\/05\/HumanCapital_web.png\u00bb align=\u00bbcenter\u00bb \/][et_pb_text _builder_version=\u00bb3.17.6&#8243;]<\/p>\n<h1>Foro Capital Humano<\/h1>\n<p>[\/et_pb_text][et_pb_divider _builder_version=\u00bb3.17.6&#8243; color=\u00bb#cccccc\u00bb height=\u00bb1px\u00bb max_width=\u00bb35%\u00bb \/][et_pb_text _builder_version=\u00bb3.17.6&#8243;]<\/p>\n<p>El Foro de Capital Humano tiene como objetivo crear un espacio para aprender y discutir temas relevantes en las \u00e1reas de desarrollo organizativo, liderazgo, gesti\u00f3n del cambio y talento.<\/p>\n<p>Las reuniones, que se celebran cada tres meses, est\u00e1n abierta a los representantes de las empresas sociass responsables de Recursos Humanos y sus campos relacionados. Esta iniciativa se inaugur\u00f3 en 2018 y est\u00e1 presidida por M\u00f3nica Hernanz, Directora General de The Client Academy.<\/p>\n<p>Si desea obtener m\u00e1s informaci\u00f3n sobre las actividades recientes organizadas por el Foro de Capital Humano, visite nuestra secci\u00f3n de Eventos pasados (<a href=\"https:\/\/spanishchamber.co.uk\/eventos-pasados\/\">haga clic aqu\u00ed para acceder<\/a>), donde se enumeran todas las sesiones en orden cronol\u00f3gico inverso.<br \/>Si tiene alguna pregunta o si le interesa saber m\u00e1s sobre esta iniciativa, cont\u00e1ctenos a <a href=\"mailto:spanishchamber@spanishchamber.co.uk\">spanishchamber@spanishchamber.co.uk<\/a><\/p>\n<p>[\/et_pb_text][\/et_pb_column][\/et_pb_row][\/et_pb_section]<\/p>\n<!-- AddThis Advanced Settings generic via filter on the_content --><!-- AddThis Share Buttons generic via filter on the_content -->","protected":false},"excerpt":{"rendered":"<p><div class=\"et_pb_row et_pb_row_0 et_pb_row_empty\">\n\t\t\t\t\n\t\t\t\t\n\t\t\t\t\n\t\t\t\t\n\t\t\t\t\n\t\t\t<\/div> Foro Capital Humano El Foro de Capital Humano tiene como objetivo crear un espacio para aprender y discutir temas relevantes en las \u00e1reas de desarrollo organizativo, liderazgo, gesti\u00f3n del cambio y talento.Las reuniones, que se celebran cada tres meses, est\u00e1n abierta a los representantes de las empresas sociass responsables de Recursos Humanos y sus [&hellip;]<\/p>\n<p><!-- AddThis Advanced Settings generic via filter on get_the_excerpt --><!-- AddThis Share Buttons generic via filter on get_the_excerpt --><\/p>\n","protected":false},"author":1,"featured_media":0,"parent":0,"menu_order":0,"comment_status":"closed","ping_status":"closed","template":"","meta":{"_et_pb_use_builder":"on","_et_pb_old_content":"","_et_gb_content_width":"","footnotes":""},"_links":{"self":[{"href":"https:\/\/spanishchamber.co.uk\/es\/wp-json\/wp\/v2\/pages\/757"}],"collection":[{"href":"https:\/\/spanishchamber.co.uk\/es\/wp-json\/wp\/v2\/pages"}],"about":[{"href":"https:\/\/spanishchamber.co.uk\/es\/wp-json\/wp\/v2\/types\/page"}],"author":[{"embeddable":true,"href":"https:\/\/spanishchamber.co.uk\/es\/wp-json\/wp\/v2\/users\/1"}],"replies":[{"embeddable":true,"href":"https:\/\/spanishchamber.co.uk\/es\/wp-json\/wp\/v2\/comments?post=757"}],"version-history":[{"count":0,"href":"https:\/\/spanishchamber.co.uk\/es\/wp-json\/wp\/v2\/pages\/757\/revisions"}],"wp:attachment":[{"href":"https:\/\/spanishchamber.co.uk\/es\/wp-json\/wp\/v2\/media?parent=757"}],"curies":[{"name":"wp","href":"https:\/\/api.w.org\/{rel}","templated":true}]}}