{"id":508,"date":"2018-12-14T10:02:09","date_gmt":"2018-12-14T10:02:09","guid":{"rendered":"http:\/\/spanish.en-desarrollo.net\/?page_id=508"},"modified":"2019-03-14T15:34:45","modified_gmt":"2019-03-14T15:34:45","slug":"oportunidades-de-patrocinio","status":"publish","type":"page","link":"https:\/\/spanishchamber.co.uk\/es\/oportunidades-de-patrocinio\/","title":{"rendered":"Oportunidades de Patrocinio"},"content":{"rendered":"<p>[et_pb_section fb_built=\u00bb1&#8243; _builder_version=\u00bb3.17.6&#8243; background_image=\u00bbhttps:\/\/spanishchamber.co.uk\/wp-content\/uploads\/2018\/12\/servicios.jpg\u00bb custom_padding=\u00bb100px||100px|\u00bb][et_pb_row _builder_version=\u00bb3.0.48&#8243; background_size=\u00bbinitial\u00bb background_position=\u00bbtop_left\u00bb background_repeat=\u00bbrepeat\u00bb][\/et_pb_row][\/et_pb_section][et_pb_section fb_built=\u00bb1&#8243; _builder_version=\u00bb3.0.47&#8243;][et_pb_row _builder_version=\u00bb3.0.48&#8243; background_size=\u00bbinitial\u00bb background_position=\u00bbtop_left\u00bb background_repeat=\u00bbrepeat\u00bb][et_pb_column type=\u00bb4_4&#8243; _builder_version=\u00bb3.0.47&#8243; parallax=\u00bboff\u00bb parallax_method=\u00bbon\u00bb][et_pb_text _builder_version=\u00bb3.17.6&#8243; text_font=\u00bbMontserrat|700|||||||\u00bb text_text_color=\u00bb#606060&#8243; text_font_size=\u00bb23px\u00bb text_orientation=\u00bbcenter\u00bb]<\/p>\n<p>OPORTUNIDADES DE PATROCINIO<\/p>\n<p>[\/et_pb_text][et_pb_divider color=\u00bb#cccccc\u00bb _builder_version=\u00bb3.17.6&#8243; max_width=\u00bb35%\u00bb module_alignment=\u00bbcenter\u00bb][\/et_pb_divider][\/et_pb_column][\/et_pb_row][et_pb_row _builder_version=\u00bb3.0.48&#8243; background_size=\u00bbinitial\u00bb background_position=\u00bbtop_left\u00bb background_repeat=\u00bbrepeat\u00bb][et_pb_column type=\u00bb1_3&#8243; _builder_version=\u00bb3.0.47&#8243; parallax=\u00bboff\u00bb parallax_method=\u00bbon\u00bb][et_pb_image src=\u00bbhttps:\/\/spanishchamber.co.uk\/wp-content\/uploads\/2018\/12\/rawpixel-603646-unsplash.jpg\u00bb _builder_version=\u00bb3.17.6&#8243;][\/et_pb_image][et_pb_text _builder_version=\u00bb3.17.6&#8243; custom_css_main_element=\u00bbmargin-bottom:3px !important;\u00bb]<\/p>\n<p><span style=\"color: #2963ae;\"><strong>ESPACIOS<\/strong><\/span><br \/><span style=\"color: #2963ae;\"><strong>PUBLICITARIOS<\/strong><\/span><\/p>\n<p>[\/et_pb_text][et_pb_divider color=\u00bb#cccccc\u00bb _builder_version=\u00bb3.17.6&#8243; max_width=\u00bb35%\u00bb module_alignment=\u00bbleft\u00bb custom_css_main_element=\u00bbmargin-bottom:0px !important;\u00bb][\/et_pb_divider][et_pb_text _builder_version=\u00bb3.17.6&#8243;]<\/p>\n<p>Ponemos a su disposici\u00f3n espacios de publicidad en todas nuestras plataformas electr\u00f3nicas para que pueda dar a conocer su marca entre nuestra red de contactos. Desde un anuncio en nuestra newsletter o p\u00e1gina web, hasta un post patrocinado en el blog le servir\u00e1n de plataforma para expandir su marca.<\/p>\n<p>[\/et_pb_text][et_pb_button button_text=\u00bbLEER M\u00c1S\u00bb button_alignment=\u00bbleft\u00bb module_class=\u00bbrv_button7 closed\u00bb _builder_version=\u00bb3.17.6&#8243; button_icon=\u00bb%%20%%\u00bb button_on_hover=\u00bboff\u00bb custom_css_main_element=\u00bbborder: none;||font-size: 16px;\u00bb][\/et_pb_button][\/et_pb_column][et_pb_column type=\u00bb1_3&#8243; _builder_version=\u00bb3.0.47&#8243; parallax=\u00bboff\u00bb parallax_method=\u00bbon\u00bb][et_pb_image src=\u00bbhttps:\/\/spanishchamber.co.uk\/wp-content\/uploads\/2018\/12\/patrocinio.png\u00bb _builder_version=\u00bb3.17.6&#8243;][\/et_pb_image][et_pb_text _builder_version=\u00bb3.17.6&#8243; custom_css_main_element=\u00bbmargin-bottom:3px !important;\u00bb]<\/p>\n<p><strong><span style=\"color: #2963ae;\">PATROCINIO<\/span><\/strong><br \/><strong><span style=\"color: #2963ae;\">DE EVENTOS<\/span><\/strong><\/p>\n<p>[\/et_pb_text][et_pb_divider color=\u00bb#cccccc\u00bb _builder_version=\u00bb3.17.6&#8243; max_width=\u00bb35%\u00bb module_alignment=\u00bbleft\u00bb custom_css_main_element=\u00bbmargin-bottom:0px !important;\u00bb][\/et_pb_divider][et_pb_text _builder_version=\u00bb3.17.6&#8243;]<\/p>\n<p>Si lo que le interesa es asociar su marca a un evento en concreto, hacer alg\u00fan acuerdo de de colaboraci\u00f3n con nosotros para la co-organizaci\u00f3n de varios eventos incluso poner su producto en alguna de las actividades organizadas por la C\u00e1mara a lo largo del a\u00f1o esta es su mejor opci\u00f3n.<\/p>\n<p>[\/et_pb_text][et_pb_button button_text=\u00bbLEER M\u00c1S\u00bb button_alignment=\u00bbleft\u00bb module_class=\u00bbrv_button8 closed\u00bb _builder_version=\u00bb3.17.6&#8243; button_icon=\u00bb%%20%%\u00bb button_on_hover=\u00bboff\u00bb hover_enabled=\u00bb0&#8243; custom_css_main_element=\u00bbborder: none;||font-size: 16px;\u00bb custom_margin_last_edited=\u00bbon|desktop\u00bb custom_margin=\u00bb52px||\u00bb custom_margin_tablet=\u00bb0px||\u00bb][\/et_pb_button][\/et_pb_column][et_pb_column type=\u00bb1_3&#8243; _builder_version=\u00bb3.0.47&#8243; parallax=\u00bboff\u00bb parallax_method=\u00bbon\u00bb][et_pb_image src=\u00bbhttps:\/\/spanishchamber.co.uk\/wp-content\/uploads\/2018\/12\/eventos.png\u00bb _builder_version=\u00bb3.17.6&#8243;][\/et_pb_image][et_pb_text _builder_version=\u00bb3.17.6&#8243; custom_css_main_element=\u00bbmargin-bottom:3px !important;\u00bb]<\/p>\n<p><span style=\"color: #2963ae;\"><strong>ORGANIZA UN EVENTO<\/strong><\/span><br \/><span style=\"color: #2963ae;\"><strong>CON NOSOTROS<\/strong><\/span><\/p>\n<p>[\/et_pb_text][et_pb_divider color=\u00bb#cccccc\u00bb _builder_version=\u00bb3.17.6&#8243; max_width=\u00bb35%\u00bb module_alignment=\u00bbleft\u00bb custom_css_main_element=\u00bbmargin-bottom:0px !important;\u00bb][\/et_pb_divider][et_pb_text _builder_version=\u00bb3.17.6&#8243;]<\/p>\n<p>La C\u00e1mara organiza una media de 40 eventos anuales, la mayor\u00eda de ellos en colaboraci\u00f3n con empresas socias, de manera que \u00e9stas puedan compartir sus \u00e1reas de conocimiento o la calidad de sus productos o servicios con el resto de socios.<\/p>\n<p>[\/et_pb_text][et_pb_button button_text=\u00bbLEER M\u00c1S\u00bb button_alignment=\u00bbleft\u00bb module_class=\u00bbrv_button9 closed\u00bb _builder_version=\u00bb3.17.6&#8243; button_icon=\u00bb%%20%%\u00bb button_on_hover=\u00bboff\u00bb hover_enabled=\u00bb0&#8243; custom_css_main_element=\u00bbborder: none;||font-size: 16px;\u00bb custom_margin_last_edited=\u00bbon|desktop\u00bb custom_margin=\u00bb75px||\u00bb custom_margin_tablet=\u00bb0px||\u00bb][\/et_pb_button][\/et_pb_column][\/et_pb_row][et_pb_row custom_padding=\u00bb50px|50px|50px|50px|true|true\u00bb module_id=\u00bbreveal7&#8243; _builder_version=\u00bb3.17.6&#8243; background_color=\u00bb#F4F4F3&#8243;][et_pb_column type=\u00bb4_4&#8243; _builder_version=\u00bb3.0.47&#8243; parallax=\u00bboff\u00bb parallax_method=\u00bbon\u00bb][et_pb_text _builder_version=\u00bb3.17.6&#8243; text_font=\u00bbMontserrat|700|||||||\u00bb text_text_color=\u00bb#2963ae\u00bb custom_css_main_element=\u00bbmargin-bottom:0px !important;\u00bb]<\/p>\n<p style=\"text-align: center;\">ESPACIOS PUBLICITARIOS<\/p>\n<p style=\"text-align: center;\">[\/et_pb_text][et_pb_text _builder_version=\u00bb3.17.6&#8243; custom_css_main_element=\u00bbmargin-bottom:3px !important;\u00bb]<\/p>\n<p>Ponemos a su disposici\u00f3n espacios de publicidad en todas nuestras plataformas electr\u00f3nicas para que pueda dar a conocer su marca entre nuestra red de contactos. Desde un anuncio en nuestra newsletter o p\u00e1gina web, hasta un post patrocinado en el blog le servir\u00e1n de plataforma para expandir su marca.<\/p>\n<p>&nbsp;<\/p>\n<p>[\/et_pb_text][\/et_pb_column][\/et_pb_row][et_pb_row custom_padding=\u00bb50px|50px|50px|50px|true|true\u00bb module_id=\u00bbreveal8&#8243; _builder_version=\u00bb3.17.6&#8243; background_color=\u00bb#F4F4F3&#8243;][et_pb_column type=\u00bb4_4&#8243; _builder_version=\u00bb3.0.47&#8243; parallax=\u00bboff\u00bb parallax_method=\u00bbon\u00bb][et_pb_text _builder_version=\u00bb3.17.6&#8243; text_font=\u00bbMontserrat|700|||||||\u00bb text_text_color=\u00bb#2963ae\u00bb custom_css_main_element=\u00bbmargin-bottom:0px !important;\u00bb]<\/p>\n<p style=\"text-align: center;\">PATROCINIO DE EVENTOS<\/p>\n<p style=\"text-align: center;\">[\/et_pb_text][et_pb_text _builder_version=\u00bb3.17.6&#8243; custom_css_main_element=\u00bbmargin-bottom:3px !important;\u00bb]<\/p>\n<p><span>Si lo que le interesa es asociar su marca a un evento en concreto, hacer alg\u00fan acuerdo de de colaboraci\u00f3n con nosotros para la co-organizaci\u00f3n de varios eventos incluso poner su producto en alguna de las actividades organizadas por la C\u00e1mara a lo largo del a\u00f1o esta es su mejor opci\u00f3n.<\/span><\/p>\n<p>[\/et_pb_text][\/et_pb_column][\/et_pb_row][et_pb_row custom_padding=\u00bb50px|50px|50px|50px|true|true\u00bb module_id=\u00bbreveal9&#8243; _builder_version=\u00bb3.17.6&#8243; background_color=\u00bb#F4F4F3&#8243;][et_pb_column type=\u00bb4_4&#8243; _builder_version=\u00bb3.0.47&#8243; parallax=\u00bboff\u00bb parallax_method=\u00bbon\u00bb][et_pb_text _builder_version=\u00bb3.17.6&#8243; text_font=\u00bbMontserrat|700|||||||\u00bb text_text_color=\u00bb#2963ae\u00bb custom_css_main_element=\u00bbmargin-bottom:0px !important;\u00bb]<\/p>\n<p style=\"text-align: center;\">ORGANIZA UN EVENTO CON NOSOTROS<\/p>\n<p style=\"text-align: center;\">[\/et_pb_text][et_pb_text _builder_version=\u00bb3.17.6&#8243; custom_css_main_element=\u00bbmargin-bottom:3px !important;\u00bb]<\/p>\n<p><span>La C\u00e1mara organiza una media de 40 eventos anuales, la mayor\u00eda de ellos en colaboraci\u00f3n con empresas socias, de manera que \u00e9stas puedan compartir sus \u00e1reas de conocimiento o la calidad de sus productos o servicios con el resto de socios.<\/span><\/p>\n<p>[\/et_pb_text][\/et_pb_column][\/et_pb_row][\/et_pb_section]<\/p>\n<!-- AddThis Advanced Settings generic via filter on the_content --><!-- AddThis Share Buttons generic via filter on the_content -->","protected":false},"excerpt":{"rendered":"<p>OPORTUNIDADES DE PATROCINIO ESPACIOSPUBLICITARIOS Ponemos a su disposici\u00f3n espacios de publicidad en todas nuestras plataformas electr\u00f3nicas para que pueda dar a conocer su marca entre nuestra red de contactos. Desde un anuncio en nuestra newsletter o p\u00e1gina web, hasta un post patrocinado en el blog le servir\u00e1n de plataforma para expandir su marca.PATROCINIODE EVENTOS Si [&hellip;]<\/p>\n<p><!-- AddThis Advanced Settings generic via filter on get_the_excerpt --><!-- AddThis Share Buttons generic via filter on get_the_excerpt --><\/p>\n","protected":false},"author":1,"featured_media":0,"parent":0,"menu_order":0,"comment_status":"closed","ping_status":"closed","template":"","meta":{"_et_pb_use_builder":"on","_et_pb_old_content":"","_et_gb_content_width":"","footnotes":""},"_links":{"self":[{"href":"https:\/\/spanishchamber.co.uk\/es\/wp-json\/wp\/v2\/pages\/508"}],"collection":[{"href":"https:\/\/spanishchamber.co.uk\/es\/wp-json\/wp\/v2\/pages"}],"about":[{"href":"https:\/\/spanishchamber.co.uk\/es\/wp-json\/wp\/v2\/types\/page"}],"author":[{"embeddable":true,"href":"https:\/\/spanishchamber.co.uk\/es\/wp-json\/wp\/v2\/users\/1"}],"replies":[{"embeddable":true,"href":"https:\/\/spanishchamber.co.uk\/es\/wp-json\/wp\/v2\/comments?post=508"}],"version-history":[{"count":0,"href":"https:\/\/spanishchamber.co.uk\/es\/wp-json\/wp\/v2\/pages\/508\/revisions"}],"wp:attachment":[{"href":"https:\/\/spanishchamber.co.uk\/es\/wp-json\/wp\/v2\/media?parent=508"}],"curies":[{"name":"wp","href":"https:\/\/api.w.org\/{rel}","templated":true}]}}