{"id":443,"date":"2018-12-13T22:40:16","date_gmt":"2018-12-13T22:40:16","guid":{"rendered":"http:\/\/spanish.en-desarrollo.net\/?page_id=443"},"modified":"2019-05-23T13:23:11","modified_gmt":"2019-05-23T13:23:11","slug":"financial-forum","status":"publish","type":"page","link":"https:\/\/spanishchamber.co.uk\/es\/financial-forum\/","title":{"rendered":"Financial Forum of the Spanish Chamber"},"content":{"rendered":"<p>[et_pb_section bb_built=\u00bb1&#8243;][et_pb_row][et_pb_column type=\u00bb4_4&#8243;][et_pb_image _builder_version=\u00bb3.17.6&#8243; src=\u00bbhttps:\/\/spanishchamber.co.uk\/wp-content\/uploads\/2019\/04\/Financial_web.png\u00bb align=\u00bbcenter\u00bb \/][et_pb_text _builder_version=\u00bb3.17.6&#8243;]<\/p>\n<h1>Foro Financiero<\/h1>\n<p>[\/et_pb_text][et_pb_divider _builder_version=\u00bb3.17.6&#8243; color=\u00bb#cccccc\u00bb height=\u00bb1px\u00bb max_width=\u00bb35%\u00bb \/][et_pb_text _builder_version=\u00bb3.17.6&#8243;]<\/p>\n<p>El Foro Financiero pertenece y est\u00e1 gestionado exclusivamente por la C\u00e1mara de Comercio de Espa\u00f1a en el Reino Unido. Fue presentado oficialmente en un acto en la Embajada de Espa\u00f1a en Londres el d\u00eda 31 de enero de 2014.<\/p>\n<p>Tiene como funci\u00f3n primordial la reuni\u00f3n de espa\u00f1oles del centro financiero de Londres con el objetivo de intercambiar puntos de vista y fomentar el di\u00e1logo con el resto de participantes del mercado financiero.<\/p>\n<p>El Foro aspira a crear un espacio de opini\u00f3n y debate sobre asuntos econ\u00f3micos y financieros relativos a Espa\u00f1a y sus empresas, y a compartir experiencias con profesionales y personalidades relevantes. Este di\u00e1logo se lleva a cabo mediante debates que vienen precedidos por la intervenci\u00f3n de un ponente invitado. En el actual contexto econ\u00f3mico, la C\u00e1mara de Comercio pretende as\u00ed facilitar el flujo de ideas entre aquellas empresas de envergadura del mundo empresarial y financiero. Si desea obtener m\u00e1s informaci\u00f3n acerca de las actividades organizadas por el Foro Financiero, por favor visite la secci\u00f3n Eventos Pasados (<a href=\"https:\/\/spanishchamber.co.uk\/eventos-pasados\/\">pinche aqu\u00ed para acceder directamente<\/a>) donde todas las sesiones del foro aparecen en orden cronol\u00f3gico inverso.<\/p>\n<p>Si tiene alguna pregunta o desea saber m\u00e1s acerca de esta iniciativa, puede dirigir su consulta a la direcci\u00f3n <a href=\"mailto:spanishchamber@spanishchamber.co.uk\">spanishchamber@spanishchamber.co.uk<\/a><\/p>\n<p>[\/et_pb_text][\/et_pb_column][\/et_pb_row][\/et_pb_section]<\/p>\n<!-- AddThis Advanced Settings generic via filter on the_content --><!-- AddThis Share Buttons generic via filter on the_content -->","protected":false},"excerpt":{"rendered":"<p><div class=\"et_pb_row et_pb_row_0 et_pb_row_empty\">\n\t\t\t\t\n\t\t\t\t\n\t\t\t\t\n\t\t\t\t\n\t\t\t\t\n\t\t\t<\/div> Foro Financiero El Foro Financiero pertenece y est\u00e1 gestionado exclusivamente por la C\u00e1mara de Comercio de Espa\u00f1a en el Reino Unido. Fue presentado oficialmente en un acto en la Embajada de Espa\u00f1a en Londres el d\u00eda 31 de enero de 2014.Tiene como funci\u00f3n primordial la reuni\u00f3n de espa\u00f1oles del centro financiero de Londres con [&hellip;]<\/p>\n<p><!-- AddThis Advanced Settings generic via filter on get_the_excerpt --><!-- AddThis Share Buttons generic via filter on get_the_excerpt --><\/p>\n","protected":false},"author":1,"featured_media":0,"parent":0,"menu_order":0,"comment_status":"closed","ping_status":"closed","template":"","meta":{"_et_pb_use_builder":"on","_et_pb_old_content":"","_et_gb_content_width":"","footnotes":""},"_links":{"self":[{"href":"https:\/\/spanishchamber.co.uk\/es\/wp-json\/wp\/v2\/pages\/443"}],"collection":[{"href":"https:\/\/spanishchamber.co.uk\/es\/wp-json\/wp\/v2\/pages"}],"about":[{"href":"https:\/\/spanishchamber.co.uk\/es\/wp-json\/wp\/v2\/types\/page"}],"author":[{"embeddable":true,"href":"https:\/\/spanishchamber.co.uk\/es\/wp-json\/wp\/v2\/users\/1"}],"replies":[{"embeddable":true,"href":"https:\/\/spanishchamber.co.uk\/es\/wp-json\/wp\/v2\/comments?post=443"}],"version-history":[{"count":0,"href":"https:\/\/spanishchamber.co.uk\/es\/wp-json\/wp\/v2\/pages\/443\/revisions"}],"wp:attachment":[{"href":"https:\/\/spanishchamber.co.uk\/es\/wp-json\/wp\/v2\/media?parent=443"}],"curies":[{"name":"wp","href":"https:\/\/api.w.org\/{rel}","templated":true}]}}