{"id":20479,"date":"2020-03-20T11:59:58","date_gmt":"2020-03-20T11:59:58","guid":{"rendered":"https:\/\/spanishchamber.co.uk\/?page_id=20479"},"modified":"2020-03-20T12:06:30","modified_gmt":"2020-03-20T12:06:30","slug":"covid-19-es","status":"publish","type":"page","link":"https:\/\/spanishchamber.co.uk\/es\/covid-19-es\/","title":{"rendered":"COVID-19 ES"},"content":{"rendered":"<p>[et_pb_section fb_built=\u00bb1&#8243; fullwidth=\u00bbon\u00bb _builder_version=\u00bb4.4.0&#8243;][et_pb_fullwidth_image src=\u00bbhttps:\/\/spanishchamber.co.uk\/wp-content\/uploads\/2020\/03\/CV-06.png\u00bb admin_label=\u00bbFullwidth Image\u00bb _builder_version=\u00bb4.4.1&#8243; background_color=\u00bbrgba(0,0,0,0)\u00bb][\/et_pb_fullwidth_image][\/et_pb_section][et_pb_section fb_built=\u00bb1&#8243; _builder_version=\u00bb4.4.0&#8243;][et_pb_row _builder_version=\u00bb4.4.0&#8243;][et_pb_column type=\u00bb4_4&#8243; _builder_version=\u00bb4.4.0&#8243;][et_pb_text _builder_version=\u00bb4.4.1&#8243;]<\/p>\n<p><strong>Desde la C\u00e1mara de Comercio de Espa\u00f1a en el Reino Unido estamos siguiendo de cerca toda la informaci\u00f3n respecto al Coronavirus (COVID-19) y siguiendo las instrucciones del Gobierno Brit\u00e1nico. Nuestra principal prioridad es la salud, seguridad y bienestar de todos nuestros socios y red de contactos.<\/strong><\/p>\n<p>En estos dif\u00edciles momentos que estamos todos atravesando, queremos transmitiros que la C\u00e1mara est\u00e1 preparada y cuenta con todos los medios para continuar apoyando a los socios. Nuestro equipo est\u00e1 trabajando activamente para garantizar que las empresas podais aprovechar al m\u00e1ximo vuestra membres\u00eda durante este per\u00edodo:<\/p>\n<p>&nbsp;<\/p>\n<ul>\n<li style=\"list-style-type: none;\">\n<ul>\n<li><strong>Mantente al d\u00eda<\/strong> con las noticias e iniciativas de la C\u00e1mara a trav\u00e9s de nuestra p\u00e1gina web y nuestras redes sociales.<\/li>\n<li>Puedes solicitar <strong>listados comerciales<\/strong> a nuestro departamento de Comercio Exterior. Consulta todos los servicios <a href=\"https:\/\/spanishchamber.co.uk\/es\/servicios-de-apoyo-a-la-internacionalizacion\/\" target=\"_blank\" rel=\"noopener noreferrer\">aqu\u00ed<\/a>.<\/li>\n<li><strong>Escribe un art\u00edculo para publicar en nuestro blog<\/strong>. Comparte tu experiencia sobre un tema que pueda resultar interesante para otros socios en esta situaci\u00f3n. Contacta con <a href=\"mailto:elena.marinan@spanishchamber.co.uk\">nosotros<\/a>.<\/li>\n<li>Da <strong>visibilidad a tu empresa<\/strong> y servicios a trav\u00e9s de nuestra newsletter. <a href=\"https:\/\/spanishchamber.co.uk\/wp-content\/uploads\/2020\/02\/Advertising-Pack-2019.pdf\">M\u00e1s informaci\u00f3n<\/a>.<\/li>\n<li>Puedes concertar una <strong>llamada con nuestro equipo<\/strong> para explorar c\u00f3mo la C\u00e1mara puede ayudarte.<\/li>\n<\/ul>\n<\/li>\n<\/ul>\n<p>[\/et_pb_text][et_pb_text _builder_version=\u00bb4.4.1&#8243; text_text_color=\u00bb#4262a9&#8243; text_font_size=\u00bb16px\u00bb]<\/p>\n<p><strong>EVENTOS DE LA C\u00c1MARA<\/strong><\/p>\n<p>[\/et_pb_text][et_pb_text _builder_version=\u00bb4.4.0&#8243;]<\/p>\n<p>La C\u00e1mara de Comercio de Espa\u00f1a en el Reino Unido est\u00e1 implementando medidas de precauci\u00f3n a ra\u00edz de las circunstancias actuales.<\/p>\n<p>Nuestros pr\u00f3ximos eventos han sido pospuestos hasta nuevo aviso. Sin embargo, estamos trabajando en nuevos formatos, como webinars y videoconferencias, para mantener, en la medida de lo posible, nuestro calendario de eventos.<\/p>\n<p>Te recomendamos que est\u00e9s pendiente de nuestras actualizaciones por email, p\u00e1gina web y redes sociales.<\/p>\n<p>&nbsp;<\/p>\n<p>&nbsp;<\/p>\n<ul>\n<li style=\"list-style-type: none;\">\n<ul>\n<li>Nuestro<strong> primer webinar<\/strong> tendr\u00e1 lugar el pr\u00f3ximo <strong>2 de abril<\/strong> y contaremos <strong>Rt Hon Greg Hands MP, Secretario de Estado en el DIT,<\/strong> quien har\u00e1 un an\u00e1lisis de las \u00faltimas noticias y perspectivas del Brexit. <a href=\"https:\/\/spanishchamber.co.uk\/events\/business-breakfast\/\" target=\"_blank\" rel=\"noopener noreferrer\">Mas informaci\u00f3n y registro.<\/a><\/li>\n<\/ul>\n<\/li>\n<\/ul>\n<p>[\/et_pb_text][et_pb_text _builder_version=\u00bb4.4.1&#8243; text_text_color=\u00bb#4262a9&#8243; text_font_size=\u00bb16px\u00bb]<\/p>\n<p><strong>\u00daLTIMA INFORMACI\u00d3N SOBRE COVID-19\u00a0<\/strong><\/p>\n<p>[\/et_pb_text][et_pb_text _builder_version=\u00bb4.4.1&#8243;]<\/p>\n<p><strong><a href=\"https:\/\/mcusercontent.com\/87b9d9ab51be54ad3f3b1557c\/files\/a65eb2f9-def3-4b84-9784-30256c29ac8c\/20.03.19_Spain_second_package_COVID_19.pdf\">Aqu\u00ed<\/a><\/strong> puedes encontrar un documento <strong>describiendo las medidas econ\u00f3micas que con motivo del Covid-19 <\/strong>ha adoptado el Gobierno de Espa\u00f1a. Como bien se\u00f1ala el documento, el Gobierno de la Naci\u00f3n ha destinado <strong>5 billones en gasto directo y el resto en avales y garant\u00edas<\/strong>. Se trata de unas medidas muy ambiciosas y de naturaleza extraordinaria que nos sirven para poner en valor la resiliencia de la econom\u00eda espa\u00f1ola y nuestra capacidad de adaptaci\u00f3n. Dada la importancia de la plaza de Londres y siendo Espa\u00f1a el s\u00e9ptimo pa\u00eds inversor en el Reino Unido, por favor, <strong>no dejes de compartirlo con tus compa\u00f1eros, clientes y otros contactos a los que les pueda interesar<\/strong> la situaci\u00f3n espa\u00f1ola.<\/p>\n<p>[\/et_pb_text][et_pb_text _builder_version=\u00bb4.4.1&#8243; text_text_color=\u00bb#4262a9&#8243; text_font_size=\u00bb16px\u00bb]<\/p>\n<p><strong>ENLACES \u00daTILES<\/strong><\/p>\n<p>[\/et_pb_text][\/et_pb_column][\/et_pb_row][et_pb_row column_structure=\u00bb1_2,1_2&#8243; _builder_version=\u00bb4.4.0&#8243;][et_pb_column type=\u00bb1_2&#8243; _builder_version=\u00bb4.4.0&#8243;][et_pb_text _builder_version=\u00bb4.4.1&#8243; hover_enabled=\u00bb0&#8243;]<\/p>\n<p><strong>GOBIERNO DE ESPA\u00d1A<\/strong><\/p>\n<p>GENERAL<\/p>\n<ul>\n<li><a href=\"https:\/\/www.boe.es\/diario_boe\/txt.php?id=BOE-A-2020-3824\">Medidas urgentes extraordinarias para hacer frente al impacto econ\u00f3mico y social del COVID-19<\/a> &#8211; <strong>Real Decreto-ley 8\/2020, de 17 de marzo<\/strong><\/li>\n<li><a href=\"https:\/\/www.ceoe.es\/es\/contenido\/actualidad\/noticias\/valoracion-del-paquete-de-medidas-economicas-ante-el-covid-19\">Valoraci\u00f3n del paquete de medidas econ\u00f3micas<\/a> &#8211; <strong>CEOE<\/strong><\/li>\n<li><a href=\"https:\/\/www.mscbs.gob.es\/profesionales\/saludPublica\/ccayes\/alertasActual\/nCov-China\/home.htm\">Informaci\u00f3n actualizada sobre el brote<\/a><strong> &#8211; <\/strong><strong>Ministerio de Sanidad<\/strong><\/li>\n<li><a href=\"http:\/\/www.exteriores.gob.es\/Portal\/en\/Paginas\/inicio.aspx\">Medidas extraordinarias en Espa\u00f1a<\/a><strong> \u2013 Ministerio de Asuntos Exteriores<\/strong><\/li>\n<li><a href=\"https:\/\/www.mscbs.gob.es\/profesionales\/saludPublica\/ccayes\/alertasActual\/nCov-China\/ciudadania.htm\">Informaci\u00f3n para la ciudadan\u00eda<\/a> <strong>&#8211; Ministerio de Sanidad<\/strong><\/li>\n<li><a href=\"https:\/\/www.boe.es\/boe\/dias\/2020\/03\/14\/pdfs\/BOE-A-2020-3692.pdf\">Resumen principales puntos intervenci\u00f3n del Presidente del Gobierno<\/a> &#8211;<strong> BOE<\/strong><\/li>\n<\/ul>\n<p>TRABAJO<\/p>\n<ul>\n<li><a href=\"http:\/\/prensa.mitramiss.gob.es\/WebPrensa\/pdf\/guia_definitiva.pdf\">Gu\u00eda para la actuaci\u00f3n en el \u00e1mbito laboral<\/a> <strong>\u2013 Ministerio de Trabajo y Econom\u00eda Social<\/strong><\/li>\n<li><a href=\"https:\/\/ata.es\/asesoramiento\/\">Asesoramiento a aut\u00f3nomos<\/a> &#8211;<strong> ATA<\/strong><\/li>\n<li><a href=\"http:\/\/www.ceaje.es\/covid19\/\">J\u00f3venes Empresarios &#8211; Plan de comunicaci\u00f3n Covid-19 <\/a><strong>&#8211; CEAJE<\/strong><\/li>\n<\/ul>\n<p>VIAJAR<\/p>\n<ul>\n<li><a href=\"http:\/\/www.exteriores.gob.es\/Embajadas\/HANOI\/es\/Noticias\/Paginas\/Articulos\/Recomendaciones-de-viaje-Coronavirus-Vietnam.aspx\">Recomendaciones de viaje<\/a><strong> \u2013 Ministerio de Asuntos Exteriores<\/strong><\/li>\n<li><a href=\"https:\/\/www.mscbs.gob.es\/profesionales\/saludPublica\/ccayes\/alertasActual\/nCov-China\/home.htm\">Recomendaciones para viajeros<\/a> <strong>&#8211; Ministerio de Sanidad<\/strong><\/li>\n<li><a href=\"http:\/\/www.exteriores.gob.es\/Portal\/es\/SalaDePrensa\/ElMinisterioInforma\/PublishingImages\/2020_03\/2020_03%20MAPA%20CORONAVIRUS.png\"> Mapa de las restricciones a los viajes de ciudadanos provenientes de Espa\u00f1a <\/a><strong>&#8211; Ministerio de Sanidad<\/strong><\/li>\n<\/ul>\n<p>[\/et_pb_text][\/et_pb_column][et_pb_column type=\u00bb1_2&#8243; _builder_version=\u00bb4.4.0&#8243;][et_pb_text _builder_version=\u00bb4.4.1&#8243;]<\/p>\n<p><strong>GOBIERNO BRIT\u00c1NICO\u00a0<\/strong><\/p>\n<p>GENERAL<\/p>\n<ul>\n<li><a href=\"https:\/\/www.nhs.uk\/conditions\/coronavirus-covid-19\/common-questions\/\">Common questions about the virus<\/a> \u2013<strong> NHS<\/strong><\/li>\n<li><a href=\"https:\/\/www.who.int\/emergencies\/diseases\/novel-coronavirus-2019\/technical-guidance\/points-of-entry-and-mass-gatherings\">Technical guidance<\/a> &#8211; <strong>World Health Organization<\/strong><\/li>\n<li><a href=\"https:\/\/www.gov.uk\/government\/publications\/covid-19-specified-countries-and-areas\">Specified countries and areas impacted<\/a> &#8211; <strong>Public Health England<\/strong><\/li>\n<li><a href=\"https:\/\/www.gov.uk\/guidance\/coronavirus-covid-19-information-for-the-public\">Latest information and advice<\/a> &#8211; <strong>Public Health England<\/strong><\/li>\n<\/ul>\n<p>TRABAJO<\/p>\n<ul>\n<li><a href=\"https:\/\/www.gov.uk\/government\/publications\/coronavirus-covid-19-guidance-for-uk-businesses\/coronavirus-covid-19-guidance-for-uk-businesses\">Guidance for businesses<\/a> <strong>&#8211; Department for International Trade<\/strong><\/li>\n<li><a href=\"https:\/\/www.gov.uk\/government\/publications\/guidance-to-employers-and-businesses-about-covid-19\/guidance-for-employers-and-businesses-on-covid-19\">Guidance for employers and businesses<\/a><strong> &#8211;<\/strong> <strong>Public Health England<\/strong><\/li>\n<li><a href=\"https:\/\/www.visitbritain.org\/covid-19-new-coronavirus-latest-information-and-advice-businesses\">Latest information and advice for business<\/a> <strong>\u2013 VisitBritain<\/strong><\/li>\n<\/ul>\n<p>VIAJAR<\/p>\n<ul>\n<li><a href=\"https:\/\/www.gov.uk\/guidance\/travel-advice-novel-coronavirus\">Travel advice<\/a> &#8211; <strong>Foreign &amp; Commonwealth Office<\/strong><\/li>\n<\/ul>\n<p>&nbsp;<\/p>\n<p>&nbsp;<\/p>\n<p>&nbsp;<\/p>\n<p>[\/et_pb_text][\/et_pb_column][\/et_pb_row][et_pb_row _builder_version=\u00bb4.4.1&#8243;][et_pb_column type=\u00bb4_4&#8243; _builder_version=\u00bb4.4.1&#8243;][et_pb_text _builder_version=\u00bb4.4.1&#8243;]<\/p>\n<p>S\u00edguenos en nuestras redes sociales para estar al d\u00eda de las \u00faltimas actualizaciones y noticias:\u00a0<\/p>\n<p>[\/et_pb_text][et_pb_social_media_follow _builder_version=\u00bb4.4.1&#8243;][et_pb_social_media_follow_network social_network=\u00bbtwitter\u00bb url=\u00bbhttps:\/\/twitter.com\/SpainChamberUK\u00bb _builder_version=\u00bb4.4.1&#8243; background_color=\u00bb#00aced\u00bb follow_button=\u00bboff\u00bb url_new_window=\u00bbon\u00bb]twitter[\/et_pb_social_media_follow_network][et_pb_social_media_follow_network social_network=\u00bblinkedin\u00bb url=\u00bbhttp:\/\/www.linkedin.com\/company\/spanish-chamber-of-commerce-in-great-britain\/\u00bb _builder_version=\u00bb4.4.1&#8243; background_color=\u00bb#007bb6&#8243; follow_button=\u00bboff\u00bb url_new_window=\u00bbon\u00bb]linkedin[\/et_pb_social_media_follow_network][\/et_pb_social_media_follow][\/et_pb_column][\/et_pb_row][\/et_pb_section]<\/p>\n<!-- AddThis Advanced Settings generic via filter on the_content --><!-- AddThis Share Buttons generic via filter on the_content -->","protected":false},"excerpt":{"rendered":"<p>Desde la C\u00e1mara de Comercio de Espa\u00f1a en el Reino Unido estamos siguiendo de cerca toda la informaci\u00f3n respecto al Coronavirus (COVID-19) y siguiendo las instrucciones del Gobierno Brit\u00e1nico. Nuestra principal prioridad es la salud, seguridad y bienestar de todos nuestros socios y red de contactos. En estos dif\u00edciles momentos que estamos todos atravesando, queremos [&hellip;]<\/p>\n<p><!-- AddThis Advanced Settings generic via filter on get_the_excerpt --><!-- AddThis Share Buttons generic via filter on get_the_excerpt --><\/p>\n","protected":false},"author":75,"featured_media":0,"parent":0,"menu_order":0,"comment_status":"closed","ping_status":"closed","template":"","meta":{"_et_pb_use_builder":"on","_et_pb_old_content":"<p>[et_pb_section fb_built=\"1\" fullwidth=\"on\" _builder_version=\"4.4.0\"][et_pb_fullwidth_image src=\"https:\/\/spanishchamber.co.uk\/wp-content\/uploads\/2020\/03\/COVID-19-1.jpeg\" admin_label=\"Fullwidth Image\" _builder_version=\"4.4.0\" background_color=\"rgba(0,0,0,0)\"][\/et_pb_fullwidth_image][\/et_pb_section][et_pb_section fb_built=\"1\" _builder_version=\"4.4.0\"][et_pb_row _builder_version=\"4.4.0\"][et_pb_column type=\"4_4\" _builder_version=\"4.4.0\"][et_pb_text _builder_version=\"4.4.0\"]<\/p><p><strong>The Spanish Chamber of Commerce in the UK is closely monitoring information regarding coronavirus (COVID-19) and following the guidance of the Health and Travel British Government departments. Our main priority is the health, safety and wellbeing of all our members and network.<\/strong><\/p><p>Throughout this challenging time, the Chamber is well positioned to continue to support our member companies. Our team is actively working remotely to ensure you make the most of your membership during this period:<\/p><p>\u00a0<\/p><ul><li style=\"list-style-type: none;\"><ul><li><strong>Keep up to date<\/strong> with Chamber news and initiatives via our website and our social media channels.<\/li><li>Request <strong>business contacts lists<\/strong> from our Foreign Trade department. Check all the services<a href=\"https:\/\/spanishchamber.co.uk\/internacionalisation-support-services\/\"> here<\/a>.<\/li><li><strong>Write an article to publish on our blog<\/strong>. Share your expertise about an interesting topic for other members. Contact our team<a href=\"mailto:elena.marinan@spanishchamber.co.uk\"> here<\/a>.<\/li><li><strong>Promote your company<\/strong> and services in our fortnightly newsletter. <a href=\"https:\/\/spanishchamber.co.uk\/wp-content\/uploads\/2020\/02\/Advertising-Pack-2019.pdf\">More information<\/a>.<\/li><li>Request a <strong>call with any of our staff members <\/strong>to explore what the Chamber can do for you or other topics you think we could help you with.<\/li><\/ul><\/li><\/ul><p>[\/et_pb_text][et_pb_text _builder_version=\"4.4.0\" text_text_color=\"#4262a9\" text_font_size=\"16px\"]<\/p><p><strong>EVENTS OF THE SPANISH CHAMBER<\/strong><\/p><p>[\/et_pb_text][et_pb_text _builder_version=\"4.4.0\"]<\/p><p>The Spanish Chamber of Commerce in the UK is implementing precautionary measures in light of the current circumstances.<\/p><p>Our upcoming events have been postponed until further notice. However, the Spanish Chamber is already working on new formats such as webinars and video-conferences to keep as much as possible our calendar of events running.<\/p><p>We encourage you to keep an eye out for updates via email, website as well as our social media channels.<\/p><p>\u00a0<\/p><ul><li style=\"list-style-type: none;\"><ul><li>Our <strong>first webinar<\/strong> with the\u00a0<strong>Rt Hon Greg Hands MP, Minister of State at the DIT<\/strong> is scheduled on <strong>Thursday 2<span style=\"font-size: 11.6667px;\">nd <\/span>April at 8:30. <\/strong>The Minister will give a briefing on the latest Brexit developments and outlook. <a href=\"https:\/\/spanishchamber.co.uk\/events\/business-breakfast\/\" target=\"_blank\" rel=\"noopener noreferrer\">More information and registration.<\/a><\/li><\/ul><\/li><\/ul><p>[\/et_pb_text][et_pb_text _builder_version=\"4.4.0\" text_text_color=\"#4262a9\" text_font_size=\"16px\"]<\/p><p><strong>COVID-19 GOVERNMENT UPDATES<\/strong><\/p><p>[\/et_pb_text][\/et_pb_column][\/et_pb_row][et_pb_row column_structure=\"1_2,1_2\" _builder_version=\"4.4.0\"][et_pb_column type=\"1_2\" _builder_version=\"4.4.0\"][et_pb_text _builder_version=\"4.4.0\"]<\/p><p><strong>UNITED KINGDOM<\/strong><\/p><p>GENERAL<\/p><ul><li><a href=\"https:\/\/www.nhs.uk\/conditions\/coronavirus-covid-19\/common-questions\/\">Common questions about the virus<\/a> \u2013<strong> NHS<\/strong><\/li><li><a href=\"https:\/\/www.who.int\/emergencies\/diseases\/novel-coronavirus-2019\/technical-guidance\/points-of-entry-and-mass-gatherings\">Technical guidance<\/a> - <strong>World Health Organization<\/strong><\/li><li><a href=\"https:\/\/www.gov.uk\/government\/publications\/covid-19-specified-countries-and-areas\">Specified countries and areas impacted<\/a> - <strong>Public Health England<\/strong><\/li><li><a href=\"https:\/\/www.gov.uk\/guidance\/coronavirus-covid-19-information-for-the-public\">Latest information and advice<\/a> - <strong>Public Health England<\/strong><\/li><\/ul><p>BUSINESS<\/p><ul><li><a href=\"https:\/\/www.gov.uk\/government\/publications\/coronavirus-covid-19-guidance-for-uk-businesses\/coronavirus-covid-19-guidance-for-uk-businesses\">Guidance for businesses<\/a> <strong>- Department for International Trade<\/strong><\/li><li><a href=\"https:\/\/www.gov.uk\/government\/publications\/guidance-to-employers-and-businesses-about-covid-19\/guidance-for-employers-and-businesses-on-covid-19\">Guidance for employers and businesses<\/a><strong> -<\/strong> <strong>Public Health England<\/strong><\/li><li><a href=\"https:\/\/www.visitbritain.org\/covid-19-new-coronavirus-latest-information-and-advice-businesses\">Latest information and advice for business<\/a> <strong>\u2013 VisitBritain<\/strong><\/li><\/ul><p>TRAVEL<\/p><ul><li><a href=\"https:\/\/www.gov.uk\/guidance\/travel-advice-novel-coronavirus\">Travel advice<\/a> - <strong>Foreign & Commonwealth Office<\/strong><\/li><\/ul><p>\u00a0<\/p><p>\u00a0<\/p><p>\u00a0<\/p><p>[\/et_pb_text][\/et_pb_column][et_pb_column type=\"1_2\" _builder_version=\"4.4.0\"][et_pb_text _builder_version=\"4.4.0\"]<\/p><p><strong>SPAIN<\/strong><\/p><p>GENERAL<\/p><ul><li><a href=\"https:\/\/www.mscbs.gob.es\/profesionales\/saludPublica\/ccayes\/alertasActual\/nCov-China\/home.htm\">Informaci\u00f3n actualizada sobre el brote<\/a><strong> - <\/strong><strong>Ministerio de Sanidad<\/strong><\/li><li><a href=\"http:\/\/www.exteriores.gob.es\/Portal\/en\/Paginas\/inicio.aspx\">Medidas extraordinarias en Espa\u00f1a<\/a><strong> \u2013 Ministerio de Asuntos Exteriores<\/strong><\/li><li><a href=\"https:\/\/www.mscbs.gob.es\/profesionales\/saludPublica\/ccayes\/alertasActual\/nCov-China\/ciudadania.htm\">Informaci\u00f3n para la ciudadan\u00eda<\/a> <strong>- Ministerio de Sanidad<\/strong><\/li><\/ul><p>TRABAJO<\/p><ul><li><a href=\"http:\/\/prensa.mitramiss.gob.es\/WebPrensa\/pdf\/guia_definitiva.pdf\">Gu\u00eda para la actuaci\u00f3n en el \u00e1mbito laboral<\/a> <strong>\u2013 Ministerio de Trabajo y Econom\u00eda Social<\/strong><\/li><\/ul><p>VIAJAR<\/p><ul><li><a href=\"http:\/\/www.exteriores.gob.es\/Embajadas\/HANOI\/es\/Noticias\/Paginas\/Articulos\/Recomendaciones-de-viaje-Coronavirus-Vietnam.aspx\">Recomendaciones de viaje<\/a><strong> \u2013 Ministerio de Asuntos Exteriores<\/strong><\/li><li><a href=\"https:\/\/www.mscbs.gob.es\/profesionales\/saludPublica\/ccayes\/alertasActual\/nCov-China\/home.htm\">Recomendaciones para viajeros<\/a> <strong>- Ministerio de Sanidad<\/strong><\/li><li><a href=\"http:\/\/www.exteriores.gob.es\/Portal\/es\/SalaDePrensa\/ElMinisterioInforma\/PublishingImages\/2020_03\/2020_03%20MAPA%20CORONAVIRUS.png\"> Mapa de las restricciones a los viajes de ciudadanos provenientes de Espa\u00f1a <\/a><strong>- Ministerio de Sanidad<\/strong><\/li><\/ul><p>[\/et_pb_text][\/et_pb_column][\/et_pb_row][\/et_pb_section]<\/p>","_et_gb_content_width":"","footnotes":""},"_links":{"self":[{"href":"https:\/\/spanishchamber.co.uk\/es\/wp-json\/wp\/v2\/pages\/20479"}],"collection":[{"href":"https:\/\/spanishchamber.co.uk\/es\/wp-json\/wp\/v2\/pages"}],"about":[{"href":"https:\/\/spanishchamber.co.uk\/es\/wp-json\/wp\/v2\/types\/page"}],"author":[{"embeddable":true,"href":"https:\/\/spanishchamber.co.uk\/es\/wp-json\/wp\/v2\/users\/75"}],"replies":[{"embeddable":true,"href":"https:\/\/spanishchamber.co.uk\/es\/wp-json\/wp\/v2\/comments?post=20479"}],"version-history":[{"count":0,"href":"https:\/\/spanishchamber.co.uk\/es\/wp-json\/wp\/v2\/pages\/20479\/revisions"}],"wp:attachment":[{"href":"https:\/\/spanishchamber.co.uk\/es\/wp-json\/wp\/v2\/media?parent=20479"}],"curies":[{"name":"wp","href":"https:\/\/api.w.org\/{rel}","templated":true}]}}