{"id":19998,"date":"2020-02-10T16:46:08","date_gmt":"2020-02-10T16:46:08","guid":{"rendered":"https:\/\/spanishchamber.co.uk\/?page_id=19998"},"modified":"2020-02-10T17:02:30","modified_gmt":"2020-02-10T17:02:30","slug":"optimiza-tu-membersia","status":"publish","type":"page","link":"https:\/\/spanishchamber.co.uk\/es\/optimiza-tu-membersia\/","title":{"rendered":"Optimiza tu members\u00eda"},"content":{"rendered":"<p>[et_pb_section fb_built=\u00bb1&#8243; _builder_version=\u00bb4.1&#8243;][et_pb_row _builder_version=\u00bb4.2.2&#8243;][et_pb_column type=\u00bb4_4&#8243; _builder_version=\u00bb4.2.2&#8243;][et_pb_text _builder_version=\u00bb4.3.2&#8243; text_font_size=\u00bb23px\u00bb]<\/p>\n<p><strong>OPTIMIZA TU MEMBERS\u00cdA<\/strong><\/p>\n<p>[\/et_pb_text][et_pb_text _builder_version=\u00bb4.3.2&#8243; text_text_color=\u00bb#4262a9&#8243; text_font_size=\u00bb16px\u00bb text_text_color_last_edited=\u00bboff|desktop\u00bb text_text_color__hover_enabled=\u00bboff|desktop\u00bb]<\/p>\n<p><strong>\u00bfERES NUEVO SOCIO? \u00bfQU\u00c9 PASOS SON LOS SIGUIENTES?<\/strong><\/p>\n<p>[\/et_pb_text][et_pb_text _builder_version=\u00bb4.3.2&#8243;]<\/p>\n<p>\u200b\u200b\u00a1Bienvenido a la C\u00e1mara de Comercio de Espa\u00f1a en el Reino Unido! \u00bfPor qu\u00e9 no aprovechar todas las ventajas de ser socio desde el primer momento? Aqu\u00ed est\u00e1n nuestros mejores consejos:<\/p>\n<p>[\/et_pb_text][\/et_pb_column][\/et_pb_row][et_pb_row column_structure=\u00bb3_5,2_5&#8243; _builder_version=\u00bb4.2.2&#8243;][et_pb_column type=\u00bb3_5&#8243; _builder_version=\u00bb4.1&#8243;][et_pb_text _builder_version=\u00bb4.3.2&#8243;]<\/p>\n<ul>\n<li>Asiste a nuestros <strong><a href=\"https:\/\/spanishchamber.co.uk\/upcoming-events\/\" target=\"_blank\" rel=\"noopener noreferrer\">eventos<\/a><\/strong>.<\/li>\n<li>S\u00edguenos en nuestras <strong>redes sociales<\/strong>. <a href=\"http:\/\/www.linkedin.com\/company\/spanish-chamber-of-commerce-in-great-britain\/\" target=\"_blank\" rel=\"noopener noreferrer\"><img decoding=\"async\" class=\"wp-image-19570 alignnone \" src=\"https:\/\/spanishchamber.co.uk\/wp-content\/uploads\/2020\/02\/social-media-li.png\" alt=\"\" width=\"26\" height=\"26\" srcset=\"https:\/\/spanishchamber.co.uk\/wp-content\/uploads\/2020\/02\/social-media-li.png 150w, https:\/\/spanishchamber.co.uk\/wp-content\/uploads\/2020\/02\/social-media-li-75x75.png 75w, https:\/\/spanishchamber.co.uk\/wp-content\/uploads\/2020\/02\/social-media-li-45x45.png 45w, https:\/\/spanishchamber.co.uk\/wp-content\/uploads\/2020\/02\/social-media-li-100x100.png 100w\" sizes=\"(max-width: 26px) 100vw, 26px\" \/><\/a>\u00a0<a href=\"https:\/\/twitter.com\/SpainChamberUK\" target=\"_blank\" rel=\"noopener noreferrer\"><img decoding=\"async\" class=\"wp-image-19564 alignnone \" src=\"https:\/\/spanishchamber.co.uk\/wp-content\/uploads\/2020\/02\/social-media-tw.png\" alt=\"\" width=\"25\" height=\"25\" srcset=\"https:\/\/spanishchamber.co.uk\/wp-content\/uploads\/2020\/02\/social-media-tw.png 150w, https:\/\/spanishchamber.co.uk\/wp-content\/uploads\/2020\/02\/social-media-tw-75x75.png 75w, https:\/\/spanishchamber.co.uk\/wp-content\/uploads\/2020\/02\/social-media-tw-45x45.png 45w, https:\/\/spanishchamber.co.uk\/wp-content\/uploads\/2020\/02\/social-media-tw-100x100.png 100w\" sizes=\"(max-width: 25px) 100vw, 25px\" \/><\/a> <a href=\"https:\/\/www.youtube.com\/channel\/UCBD6l6D5Wvx7Eo_YN-JibrA\" target=\"_blank\" rel=\"noopener noreferrer\"><img decoding=\"async\" class=\"wp-image-19568 alignnone \" src=\"https:\/\/spanishchamber.co.uk\/wp-content\/uploads\/2020\/02\/social-media-you.png\" alt=\"\" width=\"26\" height=\"26\" srcset=\"https:\/\/spanishchamber.co.uk\/wp-content\/uploads\/2020\/02\/social-media-you.png 150w, https:\/\/spanishchamber.co.uk\/wp-content\/uploads\/2020\/02\/social-media-you-75x75.png 75w, https:\/\/spanishchamber.co.uk\/wp-content\/uploads\/2020\/02\/social-media-you-45x45.png 45w, https:\/\/spanishchamber.co.uk\/wp-content\/uploads\/2020\/02\/social-media-you-100x100.png 100w\" sizes=\"(max-width: 26px) 100vw, 26px\" \/><\/a> <a href=\"https:\/\/spanishchamber.co.uk\/news\/\" target=\"_blank\" rel=\"noopener noreferrer\"><img decoding=\"async\" class=\"wp-image-19566 alignnone \" src=\"https:\/\/spanishchamber.co.uk\/wp-content\/uploads\/2020\/02\/social-media-wo.png\" alt=\"\" width=\"25\" height=\"25\" srcset=\"https:\/\/spanishchamber.co.uk\/wp-content\/uploads\/2020\/02\/social-media-wo.png 150w, https:\/\/spanishchamber.co.uk\/wp-content\/uploads\/2020\/02\/social-media-wo-75x75.png 75w, https:\/\/spanishchamber.co.uk\/wp-content\/uploads\/2020\/02\/social-media-wo-45x45.png 45w, https:\/\/spanishchamber.co.uk\/wp-content\/uploads\/2020\/02\/social-media-wo-100x100.png 100w\" sizes=\"(max-width: 25px) 100vw, 25px\" \/><\/a><\/li>\n<li>Solicita el logo de <strong>socio de la C\u00e1mara de Comercio<\/strong> para utilizarlo en tus herramientas de marketing.<\/li>\n<li><strong>Publica ofertas<\/strong> para otros socios a trav\u00e9s del \u00e1rea privada para socios de nuestra web.<\/li>\n<li>Comparte con el depto. de comunicaci\u00f3n los <strong>eventos y noticias de inter\u00e9s de tu empresa<\/strong> que quieras que demos difusi\u00f3n.<\/li>\n<li>Suscr\u00edbete a nuestra <strong>Newsletter <\/strong>para estar al d\u00eda de las noticias y eventos de la C\u00e1mara.<\/li>\n<li>Ahora que tu perfil est\u00e1 incluido dentro del apartado \u00ab<strong><a href=\"https:\/\/spanishchamber.co.uk\/members-list\/\">Directorio de socios<\/a><\/strong>\u00bb de la C\u00e1mara junto con todos nuestro socios corporativos, benefactores y patronos, aseg\u00farate de que tu informaci\u00f3n de contacto est\u00e9 actualizada.<\/li>\n<\/ul>\n<p>[\/et_pb_text][\/et_pb_column][et_pb_column type=\u00bb2_5&#8243; _builder_version=\u00bb4.1&#8243;][et_pb_image src=\u00bbhttps:\/\/spanishchamber.co.uk\/wp-content\/uploads\/2019\/08\/MBBBusinesBreakfasts_24_09_2019_0080-20190925-1.jpg\u00bb _builder_version=\u00bb4.2.2&#8243;][\/et_pb_image][\/et_pb_column][\/et_pb_row][et_pb_row column_structure=\u00bb1_3,2_3&#8243; _builder_version=\u00bb4.2.2&#8243;][et_pb_column type=\u00bb1_3&#8243; _builder_version=\u00bb4.2.2&#8243;][et_pb_image src=\u00bbhttps:\/\/spanishchamber.co.uk\/wp-content\/uploads\/2019\/12\/136-SCCUK-New-Years-reception-drinks-2020-2.jpg\u00bb _builder_version=\u00bb4.2.2&#8243;][\/et_pb_image][\/et_pb_column][et_pb_column type=\u00bb2_3&#8243; _builder_version=\u00bb4.2.2&#8243;][et_pb_text _builder_version=\u00bb4.3.2&#8243; text_text_color=\u00bb#4262a9&#8243; text_font_size=\u00bb16px\u00bb text_text_color_last_edited=\u00bboff|desktop\u00bb text_text_color__hover_enabled=\u00bboff|desktop\u00bb]<\/p>\n<p><strong>ES HORA DE AMPLIAR TU RED DE CONTACTOS<\/strong><\/p>\n<p>[\/et_pb_text][et_pb_text _builder_version=\u00bb4.3.2&#8243;]<\/p>\n<ul>\n<li>\u00bfQuieres conocer a <strong>otros socios<\/strong>? \u00a1Solicita al equipo de la C\u00e1mara una presentaci\u00f3n personal en el pr\u00f3ximo evento!<\/li>\n<li>Solicita el <strong>listado actualizado de los socios<\/strong> de la C\u00e1mara.<\/li>\n<li>Acude a un <strong>foro<\/strong> (sujeto a disponibilidad).<\/li>\n<li>Consigue <strong>listas de contactos comerciales<\/strong> a trav\u00e9s de nuestro departamento de Comercio Exterior y disfruta de un descuento especial para socios.<\/li>\n<li>Benef\u00edciate de la <strong>extensa red institucional<\/strong> de la C\u00e1mara.<\/li>\n<\/ul>\n<p>[\/et_pb_text][\/et_pb_column][\/et_pb_row][et_pb_row column_structure=\u00bb3_5,2_5&#8243; _builder_version=\u00bb4.2.2&#8243;][et_pb_column type=\u00bb3_5&#8243; _builder_version=\u00bb4.2.2&#8243;][et_pb_text _builder_version=\u00bb4.3.2&#8243; text_text_color=\u00bb#4262a9&#8243; text_font_size=\u00bb16px\u00bb text_text_color_last_edited=\u00bboff|desktop\u00bb text_text_color__hover_enabled=\u00bboff|desktop\u00bb]<\/p>\n<p><strong>INCREMENTA TU VISIBILIDAD<\/strong><\/p>\n<p>[\/et_pb_text][et_pb_text admin_label=\u00bbText\u00bb _builder_version=\u00bb4.3.2&#8243; hover_enabled=\u00bb0&#8243;]<\/p>\n<ul>\n<li>Convi\u00e9rtete en <a href=\"https:\/\/spanishchamber.co.uk\/sponsorship-opportunities\/\"><strong>patrocinador <\/strong><\/a>de nuestros eventos.<\/li>\n<li><a href=\"https:\/\/spanishchamber.co.uk\/wp-content\/uploads\/2020\/02\/Advertising-Pack-2019.pdf\"><strong>Promociona tu empresa<\/strong> <\/a>a trav\u00e9s de nuestro bolet\u00edn quincenal.<\/li>\n<li>Forma parte en el <a href=\"https:\/\/spanishchamber.co.uk\/wp-content\/uploads\/2020\/02\/Advertising-Pack-2019.pdf\"><strong>informe anual<\/strong><\/a> de la C\u00e1mara.<\/li>\n<li>Sube tus eventos a la secci\u00f3n \u00ab<strong>Eventos de socios<\/strong>\u00bb en nuestra p\u00e1gina web.<\/li>\n<li>D\u00e9janos tu opini\u00f3n en la secci\u00f3n \u00ab<strong><a href=\"https:\/\/spanishchamber.co.uk\/testimonial-form\/\">Opiniones de socios<\/a><\/strong>\u00bb de nuestra web.<\/li>\n<\/ul>\n<p>[\/et_pb_text][et_pb_text _builder_version=\u00bb4.3.2&#8243; text_text_color=\u00bb#4262a9&#8243; text_font_size=\u00bb16px\u00bb text_text_color_last_edited=\u00bboff|desktop\u00bb text_text_color__hover_enabled=\u00bboff|desktop\u00bb]<\/p>\n<p><strong>COMPARTE TU EXPERIENCIA Y CONOCIMIENTO<\/strong><\/p>\n<p>[\/et_pb_text][et_pb_text _builder_version=\u00bb4.3.2&#8243; hover_enabled=\u00bb0&#8243;]<\/p>\n<ul>\n<li>Como socio, tienes la oportunidad de organizar un <strong>seminario en colaboraci\u00f3n con la C\u00e1mara<\/strong>. Contacta a nuestro departamento de eventos para m\u00e1s informaci\u00f3n.<\/li>\n<li><strong><a href=\"https:\/\/spanishchamber.co.uk\/wp-content\/uploads\/2020\/02\/Advertising-Pack-2019.pdf\">Escribe un art\u00edculo<\/a><\/strong> para nuestro Blog.<\/li>\n<\/ul>\n<p>[\/et_pb_text][\/et_pb_column][et_pb_column type=\u00bb2_5&#8243; _builder_version=\u00bb4.2.2&#8243;][et_pb_image src=\u00bbhttps:\/\/spanishchamber.co.uk\/wp-content\/uploads\/2020\/02\/Barometer3.jpg\u00bb _builder_version=\u00bb4.2.2&#8243;][\/et_pb_image][\/et_pb_column][\/et_pb_row][et_pb_row column_structure=\u00bb2_5,3_5&#8243; _builder_version=\u00bb4.2.2&#8243;][et_pb_column type=\u00bb2_5&#8243; _builder_version=\u00bb4.2.2&#8243;][et_pb_image src=\u00bbhttps:\/\/spanishchamber.co.uk\/wp-content\/uploads\/2020\/02\/CCoru\u00f1a.jpg\u00bb _builder_version=\u00bb4.2.2&#8243;][\/et_pb_image][\/et_pb_column][et_pb_column type=\u00bb3_5&#8243; _builder_version=\u00bb4.2.2&#8243;][et_pb_text _builder_version=\u00bb4.3.2&#8243; text_text_color=\u00bb#4262a9&#8243; text_font_size=\u00bb16px\u00bb text_text_color_last_edited=\u00bboff|desktop\u00bb text_text_color__hover_enabled=\u00bboff|desktop\u00bb]<\/p>\n<p><strong>CONOCE AL EQUIPO<\/strong><\/p>\n<p>[\/et_pb_text][et_pb_text _builder_version=\u00bb4.3.2&#8243;]<\/p>\n<ul>\n<li><strong>Re\u00fanete con nuestro<\/strong> equipo si a\u00fan no has tenido la oportunidad.<\/li>\n<li>No te pierdas nuestros <strong>eventos de \u00abRecepci\u00f3n de nuevos socios\u00bb<\/strong> que se llevan a cabo cada dos meses y brindan la oportunidad de familiarizarse con la junta y el personal de la C\u00e1mara.<\/li>\n<li>Conoce al presidente de la C\u00e1mara en uno de nuestros <strong>feedback breakfast<\/strong>.<\/li>\n<\/ul>\n<p>[\/et_pb_text][et_pb_text _builder_version=\u00bb4.3.2&#8243; text_text_color=\u00bb#4262a9&#8243; text_font_size=\u00bb16px\u00bb text_text_color_last_edited=\u00bboff|desktop\u00bb text_text_color__hover_enabled=\u00bboff|desktop\u00bb]<\/p>\n<p><strong>OTROS BENEFICIOS CON DESCUENTOS EXCLUSIVOS<\/strong><\/p>\n<p>[\/et_pb_text][et_pb_text _builder_version=\u00bb4.3.2&#8243;]<\/p>\n<ul>\n<li><a href=\"https:\/\/spanishchamber.co.uk\/office-services\/\" target=\"_blank\" rel=\"noopener noreferrer\"><strong>Alquila un espacio<\/strong><\/a> de trabajo en nuestra sede central de Londres.<\/li>\n<li>Haz uso de nuestra <a href=\"https:\/\/spanishchamber.co.uk\/office-services\/\"><strong>sala para eventos o reuniones<\/strong><\/a>.<\/li>\n<li>Utiliza la direcci\u00f3n de la C\u00e1mara de Comercio para <a href=\"https:\/\/spanishchamber.co.uk\/office-services\/\"><strong>recibir tu correspondencia en el Reino Unido<\/strong><\/a>.<\/li>\n<\/ul>\n<p>[\/et_pb_text][\/et_pb_column][\/et_pb_row][\/et_pb_section]<\/p>\n<!-- AddThis Advanced Settings generic via filter on the_content --><!-- AddThis Share Buttons generic via filter on the_content -->","protected":false},"excerpt":{"rendered":"<p>OPTIMIZA TU MEMBERS\u00cdA\u00bfERES NUEVO SOCIO? \u00bfQU\u00c9 PASOS SON LOS SIGUIENTES?\u200b\u200b\u00a1Bienvenido a la C\u00e1mara de Comercio de Espa\u00f1a en el Reino Unido! \u00bfPor qu\u00e9 no aprovechar todas las ventajas de ser socio desde el primer momento? Aqu\u00ed est\u00e1n nuestros mejores consejos: Asiste a nuestros eventos. S\u00edguenos en nuestras redes sociales. \u00a0 Solicita el logo de socio [&hellip;]<\/p>\n<p><!-- AddThis Advanced Settings generic via filter on get_the_excerpt --><!-- AddThis Share Buttons generic via filter on get_the_excerpt --><\/p>\n","protected":false},"author":75,"featured_media":0,"parent":0,"menu_order":0,"comment_status":"closed","ping_status":"closed","template":"","meta":{"_et_pb_use_builder":"on","_et_pb_old_content":"<p>[et_pb_section fb_built=\"1\" _builder_version=\"4.1\"][et_pb_row _builder_version=\"4.2.2\"][et_pb_column type=\"4_4\" _builder_version=\"4.2.2\"][et_pb_text _builder_version=\"4.2.2\" text_font_size=\"23px\"]<\/p><p><strong>OPTIMISE YOUR MEMBERSHIP<\/strong><\/p><p>[\/et_pb_text][et_pb_text _builder_version=\"4.2.2\" text_text_color=\"#4262a9\" text_font_size=\"16px\" hover_enabled=\"0\" text_text_color_last_edited=\"off|desktop\" text_text_color__hover_enabled=\"off|desktop\"]<\/p><p><strong>NEW MEMBER? WHAT'S NEXT?<\/strong><\/p><p>[\/et_pb_text][et_pb_text _builder_version=\"4.2.2\" hover_enabled=\"0\"]<\/p><p>Welcome to the Spanish Chamber of Commerce in the UK! Why not make the most of your membership right from the beginning? Here are our top tips:<\/p><p>[\/et_pb_text][\/et_pb_column][\/et_pb_row][et_pb_row column_structure=\"3_5,2_5\" _builder_version=\"4.2.2\"][et_pb_column type=\"3_5\" _builder_version=\"4.1\"][et_pb_text _builder_version=\"4.2.2\"]<\/p><ul><li>Attend the <strong><a href=\"https:\/\/spanishchamber.co.uk\/upcoming-events\/\" target=\"_blank\" rel=\"noopener noreferrer\">networking events<\/a><\/strong><\/li><li>Follow the Chamber on <strong>social media<\/strong>\u00a0 <a href=\"http:\/\/www.linkedin.com\/company\/spanish-chamber-of-commerce-in-great-britain\/\" target=\"_blank\" rel=\"noopener noreferrer\"><img class=\"wp-image-19570 alignnone \" src=\"https:\/\/spanishchamber.co.uk\/wp-content\/uploads\/2020\/02\/social-media-li.png\" alt=\"\" width=\"26\" height=\"26\" \/><\/a>\u00a0<a href=\"https:\/\/twitter.com\/SpainChamberUK\" target=\"_blank\" rel=\"noopener noreferrer\"><img class=\"wp-image-19564 alignnone \" src=\"https:\/\/spanishchamber.co.uk\/wp-content\/uploads\/2020\/02\/social-media-tw.png\" alt=\"\" width=\"25\" height=\"25\" \/><\/a> <a href=\"https:\/\/www.youtube.com\/channel\/UCBD6l6D5Wvx7Eo_YN-JibrA\" target=\"_blank\" rel=\"noopener noreferrer\"><img class=\"wp-image-19568 alignnone \" src=\"https:\/\/spanishchamber.co.uk\/wp-content\/uploads\/2020\/02\/social-media-you.png\" alt=\"\" width=\"26\" height=\"26\" \/><\/a> <a href=\"https:\/\/spanishchamber.co.uk\/news\/\" target=\"_blank\" rel=\"noopener noreferrer\"><img class=\"wp-image-19566 alignnone \" src=\"https:\/\/spanishchamber.co.uk\/wp-content\/uploads\/2020\/02\/social-media-wo.png\" alt=\"\" width=\"25\" height=\"25\" \/><\/a><\/li><li>Request the \u201c<strong>Member of the Spanish Chamber<\/strong>\u201d logo for use in your marketing tools<\/li><li><strong>Publish an offer<\/strong> for other members in the private area of our website<\/li><li>Send your news and events to the communications department of the Chamber <strong>for promotion on social media<\/strong><\/li><li>Subscribe to our <strong>newsletter<\/strong> to keep up to date with Chamber\u2019s news and events<\/li><li>You nor feature in the \u201c<strong><a href=\"https:\/\/spanishchamber.co.uk\/members-list\/\">Members directory<\/a><\/strong>\u201d of the Chamber alongside all the members, benefactors and patrons - ensure that your contact information here is kept up to date<\/li><\/ul><p>[\/et_pb_text][\/et_pb_column][et_pb_column type=\"2_5\" _builder_version=\"4.1\"][et_pb_image src=\"https:\/\/spanishchamber.co.uk\/wp-content\/uploads\/2019\/08\/MBBBusinesBreakfasts_24_09_2019_0080-20190925-1.jpg\" _builder_version=\"4.2.2\"][\/et_pb_image][\/et_pb_column][\/et_pb_row][et_pb_row column_structure=\"1_3,2_3\" _builder_version=\"4.2.2\"][et_pb_column type=\"1_3\" _builder_version=\"4.2.2\"][et_pb_image src=\"https:\/\/spanishchamber.co.uk\/wp-content\/uploads\/2019\/12\/136-SCCUK-New-Years-reception-drinks-2020-2.jpg\" _builder_version=\"4.2.2\"][\/et_pb_image][\/et_pb_column][et_pb_column type=\"2_3\" _builder_version=\"4.2.2\"][et_pb_text _builder_version=\"4.2.2\" text_text_color=\"#4262a9\" text_font_size=\"16px\" text_text_color_last_edited=\"off|desktop\" text_text_color__hover_enabled=\"off|desktop\"]<\/p><p><strong>TIME TO NETWORK<\/strong><\/p><p>[\/et_pb_text][et_pb_text _builder_version=\"4.2.2\"]<\/p><ul><li>Want to <strong>meet other members<\/strong>? Ask the staff for a personal introduction at the next event!<\/li><li>Request the <strong>updated list of members<\/strong> of the Chamber<\/li><li>Join one of our\u00a0<strong>forums\u00a0<\/strong>(subject to availability)\u00a0<\/li><li>Request <strong>business contacts lists<\/strong> from our Foreign Trade department and enjoy a special member discount<\/li><li>Benefit from the extensive <strong>Chamber\u2019s institutional network<\/strong><\/li><\/ul><p>[\/et_pb_text][\/et_pb_column][\/et_pb_row][et_pb_row column_structure=\"3_5,2_5\" _builder_version=\"4.2.2\"][et_pb_column type=\"3_5\" _builder_version=\"4.2.2\"][et_pb_text _builder_version=\"4.2.2\" text_text_color=\"#4262a9\" text_font_size=\"16px\" text_text_color_last_edited=\"off|desktop\" text_text_color__hover_enabled=\"off|desktop\"]<\/p><p><strong>INCREASE YOUR VISIBILITY<\/strong><\/p><p>[\/et_pb_text][et_pb_text admin_label=\"Text\" _builder_version=\"4.2.2\"]<\/p><ul><li>Became a<a href=\"https:\/\/spanishchamber.co.uk\/sponsorship-opportunities\/\" target=\"_blank\" rel=\"noopener noreferrer\"><strong>\u00a0sponsor<\/strong><\/a> of a Chamber event<\/li><li><strong><a href=\"https:\/\/spanishchamber.co.uk\/wp-content\/uploads\/2020\/02\/Advertising-Pack-2019.pdf\" target=\"_blank\" rel=\"noopener noreferrer\">Promote your company<\/a><\/strong>\u00a0in our fortnightly newsletter<\/li><li>Participate in the <a href=\"https:\/\/spanishchamber.co.uk\/wp-content\/uploads\/2020\/02\/Advertising-Pack-2019.pdf\" target=\"_blank\" rel=\"noopener noreferrer\"><strong>Annual Report<\/strong><\/a> of the Chamber<\/li><li>Upload your event to the<strong> \u201cMember\u2019s events\u201d<\/strong> section on our website<\/li><li>Add your <a href=\"https:\/\/spanishchamber.co.uk\/testimonial-form\/\" target=\"_blank\" rel=\"noopener noreferrer\"><strong>feedback<\/strong><\/a> to our website<\/li><\/ul><p>[\/et_pb_text][et_pb_text _builder_version=\"4.2.2\" text_text_color=\"#4262a9\" text_font_size=\"16px\" text_text_color_last_edited=\"off|desktop\" text_text_color__hover_enabled=\"off|desktop\"]<\/p><p><strong>SHARE YOUR EXPERTISE<\/strong><\/p><p>[\/et_pb_text][et_pb_text _builder_version=\"4.2.2\"]<\/p><ul><li>As a member you have the opportunity to organise a <strong>seminar in collaboration with the Chamber<\/strong>. Contact our events department for more information about this<\/li><li><a href=\"https:\/\/spanishchamber.co.uk\/wp-content\/uploads\/2020\/02\/Advertising-Pack-2019.pdf\" target=\"_blank\" rel=\"noopener noreferrer\"><strong>Write an article<\/strong><\/a> for our blog<\/li><\/ul><p>[\/et_pb_text][\/et_pb_column][et_pb_column type=\"2_5\" _builder_version=\"4.2.2\"][et_pb_image src=\"https:\/\/spanishchamber.co.uk\/wp-content\/uploads\/2020\/02\/Barometer3-scaled.jpg\" _builder_version=\"4.2.2\"][\/et_pb_image][\/et_pb_column][\/et_pb_row][et_pb_row column_structure=\"2_5,3_5\" _builder_version=\"4.2.2\"][et_pb_column type=\"2_5\" _builder_version=\"4.2.2\"][et_pb_image src=\"https:\/\/spanishchamber.co.uk\/wp-content\/uploads\/2020\/02\/CCoru\u00f1a-scaled-e1580809984612.jpg\" _builder_version=\"4.2.2\"][\/et_pb_image][\/et_pb_column][et_pb_column type=\"3_5\" _builder_version=\"4.2.2\"][et_pb_text _builder_version=\"4.2.2\" text_text_color=\"#4262a9\" text_font_size=\"16px\" text_text_color_last_edited=\"off|desktop\" text_text_color__hover_enabled=\"off|desktop\"]<\/p><p><strong>MEET THE TEAM<\/strong><\/p><p>[\/et_pb_text][et_pb_text _builder_version=\"4.2.2\"]<\/p><ul><li>Request a <strong>meeting with a member of the staff<\/strong> if you haven\u2019t had one already.<\/li><li>Don\u2019t miss the <strong>New Members' Drinks Reception events<\/strong>\u00a0which are held every couple of months and provide the opportunity to get acquainted with the board and staff of the Chamber<\/li><li>Meet the President of the Chamber at one of our <strong>Feedback Breakfasts<\/strong>.<\/li><\/ul><p>[\/et_pb_text][et_pb_text _builder_version=\"4.2.2\" text_text_color=\"#4262a9\" text_font_size=\"16px\" text_text_color_last_edited=\"off|desktop\" text_text_color__hover_enabled=\"off|desktop\"]<\/p><p><strong>OTHER BENEFITS WITH PREFERENTIAL DISCOUNTS<\/strong><\/p><p>[\/et_pb_text][et_pb_text _builder_version=\"4.2.2\"]<\/p><ul><li><a href=\"https:\/\/spanishchamber.co.uk\/office-services\/\" target=\"_blank\" rel=\"noopener noreferrer\"><strong>Rent a desk<\/strong> <\/a>at our central London headquarters<\/li><li><a href=\"https:\/\/spanishchamber.co.uk\/office-services\/\" target=\"_blank\" rel=\"noopener noreferrer\"><strong>Hold a meeting<\/strong><\/a> or an event at our offices<\/li><li>Use the Chamber\u2019s London office address to <a href=\"https:\/\/spanishchamber.co.uk\/office-services\/\" target=\"_blank\" rel=\"noopener noreferrer\"><strong>receive post in the UK<\/strong><\/a><\/li><\/ul><p>[\/et_pb_text][\/et_pb_column][\/et_pb_row][\/et_pb_section]<\/p>","_et_gb_content_width":"","footnotes":""},"_links":{"self":[{"href":"https:\/\/spanishchamber.co.uk\/es\/wp-json\/wp\/v2\/pages\/19998"}],"collection":[{"href":"https:\/\/spanishchamber.co.uk\/es\/wp-json\/wp\/v2\/pages"}],"about":[{"href":"https:\/\/spanishchamber.co.uk\/es\/wp-json\/wp\/v2\/types\/page"}],"author":[{"embeddable":true,"href":"https:\/\/spanishchamber.co.uk\/es\/wp-json\/wp\/v2\/users\/75"}],"replies":[{"embeddable":true,"href":"https:\/\/spanishchamber.co.uk\/es\/wp-json\/wp\/v2\/comments?post=19998"}],"version-history":[{"count":0,"href":"https:\/\/spanishchamber.co.uk\/es\/wp-json\/wp\/v2\/pages\/19998\/revisions"}],"wp:attachment":[{"href":"https:\/\/spanishchamber.co.uk\/es\/wp-json\/wp\/v2\/media?parent=19998"}],"curies":[{"name":"wp","href":"https:\/\/api.w.org\/{rel}","templated":true}]}}